{"id":4400,"date":"2021-10-12T15:51:09","date_gmt":"2021-10-12T15:51:09","guid":{"rendered":"http:\/\/dummy.xtemos.com\/woodmart2\/elementor\/?page_id=4400"},"modified":"2024-07-30T08:43:39","modified_gmt":"2024-07-30T08:43:39","slug":"about-us","status":"publish","type":"page","link":"https:\/\/sagaclinic.com\/sq\/about-us\/","title":{"rendered":"About us"},"content":{"rendered":"<div data-elementor-type=\"wp-page\" data-elementor-id=\"4400\" class=\"elementor elementor-4400\" data-elementor-post-type=\"page\">\n\t\t\t\t\t\t<section class=\"wd-negative-gap elementor-section elementor-top-section elementor-element elementor-element-3c548bca elementor-reverse-tablet elementor-reverse-mobile elementor-section-boxed elementor-section-height-default elementor-section-height-default wd-section-disabled\" data-id=\"3c548bca\" data-element_type=\"section\" data-e-type=\"section\">\n\t\t\t\t\t\t<div class=\"elementor-container elementor-column-gap-default\">\n\t\t\t\t\t<div class=\"elementor-column elementor-col-50 elementor-top-column elementor-element elementor-element-1d354ed7\" data-id=\"1d354ed7\" data-element_type=\"column\" data-e-type=\"column\">\n\t\t\t<div class=\"elementor-widget-wrap elementor-element-populated\">\n\t\t\t\t\t\t<div class=\"elementor-element elementor-element-3b8f1c6 elementor-widget elementor-widget-wd_image_or_svg\" data-id=\"3b8f1c6\" data-element_type=\"widget\" data-e-type=\"widget\" data-widget_type=\"wd_image_or_svg.default\">\n\t\t\t\t<div class=\"elementor-widget-container\">\n\t\t\t\t\t\n\t\t<div class=\"wd-image text-left\">\n\t\t\t\t\t\t\t\t<img fetchpriority=\"high\" decoding=\"async\" width=\"944\" height=\"613\" src=\"https:\/\/sagaclinic.com\/wp-content\/uploads\/2024\/01\/about-us.png\" class=\"attachment-full size-full\" alt=\"\" srcset=\"https:\/\/sagaclinic.com\/wp-content\/uploads\/2024\/01\/about-us.png 944w, https:\/\/sagaclinic.com\/wp-content\/uploads\/2024\/01\/about-us-400x260.png 400w, https:\/\/sagaclinic.com\/wp-content\/uploads\/2024\/01\/about-us-768x499.png 768w, https:\/\/sagaclinic.com\/wp-content\/uploads\/2024\/01\/about-us-860x558.png 860w, https:\/\/sagaclinic.com\/wp-content\/uploads\/2024\/01\/about-us-430x279.png 430w, https:\/\/sagaclinic.com\/wp-content\/uploads\/2024\/01\/about-us-700x455.png 700w, https:\/\/sagaclinic.com\/wp-content\/uploads\/2024\/01\/about-us-150x97.png 150w\" sizes=\"(max-width: 944px) 100vw, 944px\" \/>\t\t\t\t\t<\/div>\n\n\t\t\t\t\t\t<\/div>\n\t\t\t\t<\/div>\n\t\t\t\t\t<\/div>\n\t\t<\/div>\n\t\t\t\t<div class=\"elementor-column elementor-col-50 elementor-top-column elementor-element elementor-element-7a9daa7\" data-id=\"7a9daa7\" data-element_type=\"column\" data-e-type=\"column\">\n\t\t\t<div class=\"elementor-widget-wrap elementor-element-populated\">\n\t\t\t\t\t\t<div class=\"elementor-element elementor-element-18566191 elementor-widget elementor-widget-wd_title\" data-id=\"18566191\" data-element_type=\"widget\" data-e-type=\"widget\" data-widget_type=\"wd_title.default\">\n\t\t\t\t<div class=\"elementor-widget-container\">\n\t\t\t\t\t\t\t\t<link rel=\"stylesheet\" id=\"wd-section-title-css\" href=\"https:\/\/sagaclinic.com\/wp-content\/themes\/woodmart\/css\/parts\/el-section-title.min.css?ver=7.3.2\" type=\"text\/css\" media=\"all\" \/> \t\t\t\t\t<div class=\"title-wrapper set-mb-s reset-last-child wd-title-color-primary wd-title-style-default wd-title-size-large text-left\">\n\n\t\t\t\t\t\t\t<div class=\"title-subtitle subtitle-color-primary subtitle-style-default wd-fontsize-xs\">\n\t\t\t\t\tStem Gene Art Clinic\t\t\t\t<\/div>\n\t\t\t\n\t\t\t<div class=\"liner-continer\">\n\t\t\t\t<h4 class=\"woodmart-title-container title wd-fontsize-xxl\">Rreth Kompanis\u00eb<\/h4> \n\t\t\t\t\t\t\t<\/div>\n\n\t\t\t\t\t<\/div>\n\t\t\t\t\t\t<\/div>\n\t\t\t\t<\/div>\n\t\t\t\t<div class=\"elementor-element elementor-element-cf34ae6 elementor-widget elementor-widget-wd_text_block\" data-id=\"cf34ae6\" data-element_type=\"widget\" data-e-type=\"widget\" data-widget_type=\"wd_text_block.default\">\n\t\t\t\t<div class=\"elementor-widget-container\">\n\t\t\t\t\t\t\t\t<link rel=\"stylesheet\" id=\"wd-text-block-css\" href=\"https:\/\/sagaclinic.com\/wp-content\/themes\/woodmart\/css\/parts\/el-text-block.min.css?ver=7.3.2\" type=\"text\/css\" media=\"all\" \/> \t\t\t\t\t<div class=\"wd-text-block reset-last-child text-left\">\n\t\t\t\n\t\t\t<p>Klinika e ART-it Stem &amp; Gene \u00ebsht\u00eb e themeluar me konceptin e nj\u00eb klinike t\u00eb zgjuar IVF, duke p\u00ebrfshir\u00eb sisteme t\u00eb siguris\u00eb dhe diagnoz\u00ebs klinike bazuar n\u00eb AI. Ne furnizojm\u00eb shum\u00eb trajtime IVF unike dhe alternative.\u00a0<\/p><p>Ekipi yn\u00eb ka p\u00ebrvoj\u00eb nd\u00ebrkomb\u00ebtare n\u00eb dhurimin e vezoreve, dhurimin mitokondrial, surrogacin\u00eb, trajtimet riprodhuese t\u00eb qelizave stelare dhe trajtimet andrologjike. Specialist\u00ebt n\u00eb ekipin ton\u00eb kan\u00eb mbi 15 vjet p\u00ebrvoj\u00eb n\u00eb Gjinekologji, Andrologji, Mjek\u00ebsi Riprodhuese, Embriologji, Endokrinologji dhe Urologji. Ne jemi nj\u00eb Klinike IVF nd\u00ebrkomb\u00ebtare, dhe specialist\u00ebt tan\u00eb vijn\u00eb nga e gjith\u00eb bota, p\u00ebrfshir\u00eb Turqin\u00eb, Ukrain\u00ebn, Sllovakin\u00eb, Shqip\u00ebrin\u00eb dhe Australin\u00eb. Ne ndodhemi n\u00eb qytetin e bukur t\u00eb Tiran\u00ebs, nj\u00eb qend\u00ebr kulturore dhe historike e madhe n\u00eb Shqip\u00ebri, me lidhje t\u00eb lehta drejt kryeqyteteve evropiane dhe shum\u00eb mund\u00ebsi fluturimesh direkte.<\/p>\n\t\t\t\t\t<\/div>\n\t\t\t\t\t\t<\/div>\n\t\t\t\t<\/div>\n\t\t\t\t<section class=\"wd-negative-gap elementor-section elementor-inner-section elementor-element elementor-element-6c441740 elementor-section-boxed elementor-section-height-default elementor-section-height-default wd-section-disabled\" data-id=\"6c441740\" data-element_type=\"section\" data-e-type=\"section\">\n\t\t\t\t\t\t<div class=\"elementor-container elementor-column-gap-default\">\n\t\t\t\t\t<div class=\"elementor-column elementor-col-100 elementor-inner-column elementor-element elementor-element-2340cadd\" data-id=\"2340cadd\" data-element_type=\"column\" data-e-type=\"column\">\n\t\t\t<div class=\"elementor-widget-wrap elementor-element-populated\">\n\t\t\t\t\t\t<div class=\"elementor-element elementor-element-5292d768 elementor-widget__width-auto elementor-hidden-phone elementor-widget elementor-widget-wd_social_buttons\" data-id=\"5292d768\" data-element_type=\"widget\" data-e-type=\"widget\" data-widget_type=\"wd_social_buttons.default\">\n\t\t\t\t<div class=\"elementor-widget-container\">\n\t\t\t\t\t\t\t\t<link rel=\"stylesheet\" id=\"wd-social-icons-css\" href=\"https:\/\/sagaclinic.com\/wp-content\/themes\/woodmart\/css\/parts\/el-social-icons.min.css?ver=7.3.2\" type=\"text\/css\" media=\"all\" \/> \t\t\t\n\t\t\t<div class=\"wd-social-icons icons-design-colored-alt icons-size-small color-scheme-dark social-share social-form-circle text-left\">\n\n\t\t\t\t\n\t\t\t\t\t\t\t\t\t<a rel=\"noopener noreferrer nofollow\" href=\"https:\/\/www.facebook.com\/sharer\/sharer.php?u=https:\/\/sagaclinic.com\/sq\/about-us\/\" target=\"_blank\" class=\"wd-social-icon social-facebook\" aria-label=\"Facebook social link\">\n\t\t\t\t\t\t<span class=\"wd-icon\"><\/span>\n\t\t\t\t\t\t\t\t\t\t\t<\/a>\n\t\t\t\t\n\t\t\t\t\t\t\t\t\t<a rel=\"noopener noreferrer nofollow\" href=\"https:\/\/twitter.com\/share?url=https:\/\/sagaclinic.com\/sq\/about-us\/\" target=\"_blank\" class=\"wd-social-icon social-twitter\" aria-label=\"Twitter social link\">\n\t\t\t\t\t\t<span class=\"wd-icon\"><\/span>\n\t\t\t\t\t\t\t\t\t\t\t<\/a>\n\t\t\t\t\n\t\t\t\t\n\t\t\t\t\n\t\t\t\t\n\t\t\t\t\t\t\t\t\t<a rel=\"noopener noreferrer nofollow\" href=\"https:\/\/pinterest.com\/pin\/create\/button\/?url=https:\/\/sagaclinic.com\/sq\/about-us\/&media=https:\/\/sagaclinic.com\/wp-includes\/images\/media\/default.svg&description=About+us\" target=\"_blank\" class=\"wd-social-icon social-pinterest\" aria-label=\"Pinterest social link\">\n\t\t\t\t\t\t<span class=\"wd-icon\"><\/span>\n\t\t\t\t\t\t\t\t\t\t\t<\/a>\n\t\t\t\t\n\t\t\t\t\n\t\t\t\t\t\t\t\t\t<a rel=\"noopener noreferrer nofollow\" href=\"https:\/\/www.linkedin.com\/shareArticle?mini=true&url=https:\/\/sagaclinic.com\/sq\/about-us\/\" target=\"_blank\" class=\"wd-social-icon social-linkedin\" aria-label=\"Linkedin social link\">\n\t\t\t\t\t\t<span class=\"wd-icon\"><\/span>\n\t\t\t\t\t\t\t\t\t\t\t<\/a>\n\t\t\t\t\n\t\t\t\t\n\t\t\t\t\n\t\t\t\t\n\t\t\t\t\n\t\t\t\t\n\t\t\t\t\n\t\t\t\t\n\t\t\t\t\n\t\t\t\t\n\t\t\t\t\t\t\t\t\n\t\t\t\t\t\t\t\t\n\t\t\t\t\n\t\t\t\t\n\t\t\t\t\t\t\t\t\t<a rel=\"noopener noreferrer nofollow\" href=\"https:\/\/telegram.me\/share\/url?url=https:\/\/sagaclinic.com\/sq\/about-us\/\" target=\"_blank\" class=\"wd-social-icon social-tg\" aria-label=\"Telegram social link\">\n\t\t\t\t\t\t<span class=\"wd-icon\"><\/span>\n\t\t\t\t\t\t\t\t\t\t\t<\/a>\n\t\t\t\t\t\t\t\t\n\t\t\t\t\n\t\t\t<\/div>\n\n\t\t\t\t\t\t<\/div>\n\t\t\t\t<\/div>\n\t\t\t\t\t<\/div>\n\t\t<\/div>\n\t\t\t\t\t<\/div>\n\t\t<\/section>\n\t\t\t\t\t<\/div>\n\t\t<\/div>\n\t\t\t\t\t<\/div>\n\t\t<\/section>\n\t\t<div class=\"wd-negative-gap elementor-element elementor-element-cfea205 e-flex e-con-boxed wd-section-disabled e-con e-parent\" data-id=\"cfea205\" data-element_type=\"container\" data-e-type=\"container\">\n\t\t\t\t\t<div class=\"e-con-inner\">\n\t\t\t\t<div class=\"elementor-element elementor-element-39582f8 color-scheme-inherit text-left elementor-widget elementor-widget-text-editor\" data-id=\"39582f8\" data-element_type=\"widget\" data-e-type=\"widget\" data-widget_type=\"text-editor.default\">\n\t\t\t\t<div class=\"elementor-widget-container\">\n\t\t\t\t\t\t\t\t\t<p>Do t\u00eb gjeni nj\u00eb atmosfer\u00eb familjare mir\u00eb t\u00eb dekoruar me standardizim t\u00eb lart\u00eb t\u00eb pajisjeve dhe sh\u00ebrbimeve klinike, duke ofruar shum\u00eb mund\u00ebsi trajtimi. Siguria klinike dhe k\u00ebrkesat etike jan\u00eb prioritete tona kryesore, dhe ne ndjekim udh\u00ebzimet dhe standardet nd\u00ebrkomb\u00ebtare p\u00ebr procesin klinik. Klinika Stem &amp; Gene ART ka akreditimin ISO 9001:2015, dhe ne respektojm\u00eb kriteret strikte t\u00eb ESHRE-s (Shoqata Europiane e Reproduksionit t\u00eb Njeriut) dhe ASRM-s (Shoqata Amerikane e Mjek\u00ebsis\u00eb Reproduktive) lidhur me procedurat klinike dhe laboratorike. Ne jemi nj\u00eb Klinike IVF me koncept t\u00eb zgjuar, me ndjekje t\u00eb proceseve klinike dhe laboratorike bazuar n\u00eb AI, t\u00eb plot\u00ebsisht t\u00eb sigurta n\u00ebn sistemin e menaxhimit EWS (D\u00ebshmitar Elektronik), q\u00eb shmang t\u00eb gjitha risket e p\u00ebrzierjes s\u00eb biomaterialeve.<\/p><p>Angazhimi yn\u00eb shtrihet p\u00ebrtej ambientit klinik; \u00ebsht\u00eb nj\u00eb angazhim p\u00ebr t\u00eb nxitur nj\u00eb mjedis mb\u00ebshtet\u00ebs ku shpresa p\u00ebrparon dhe \u00ebndrrat b\u00ebhen realitet. Ne shohim \u00e7do pacient si nj\u00eb individ, secili me nj\u00eb histori dhe rrethana t\u00eb ndryshme, duke u afruar rrug\u00ebtimin e tyre p\u00ebr fertilitet me respekt dhe ndjeshm\u00ebri maksimale.<\/p><p>Duke vazhduar t\u00eb shtrijm\u00eb kufijt\u00eb e mjek\u00ebsis\u00eb riprodhuese, Klinika Stem &amp; Gene ART mbetet n\u00eb krye t\u00eb inovacionit, duke siguruar q\u00eb pacient\u00ebt tan\u00eb t\u00eb marrin kujdesin m\u00eb t\u00eb mir\u00eb t\u00eb mundsh\u00ebm. Q\u00ebllimi yn\u00eb nuk \u00ebsht\u00eb vet\u00ebm t\u00eb ndihmojm\u00eb n\u00eb konceptimin e jet\u00ebs s\u00eb re, por edhe t\u00eb pasurojm\u00eb cil\u00ebsin\u00eb e p\u00ebrgjithshme t\u00eb jet\u00ebs p\u00ebr pacient\u00ebt tan\u00eb dhe familjet e tyre t\u00eb ardhshme.<\/p><p>Zgjedhja e Klinik\u00ebs Stem &amp; Gene ART nuk \u00ebsht\u00eb thjesht zgjedhja e nj\u00eb qendre trajtimi p\u00ebr fertilizim; po zgjedhni nj\u00eb partner t\u00eb p\u00ebrkushtuar n\u00eb rrug\u00ebn tuaj drejt prind\u00ebrimit, nj\u00eb partner q\u00eb \u00ebsht\u00eb i angazhuar p\u00ebr t\u00eb kthyer \u00ebndrrat n\u00eb realitet dhe p\u00ebr t\u00eb sjell\u00eb g\u00ebzim t\u00eb q\u00ebndruesh\u00ebm n\u00eb jet\u00ebt e atyre q\u00eb ne sh\u00ebrbejm\u00eb.<\/p>\t\t\t\t\t\t\t\t<\/div>\n\t\t\t\t<\/div>\n\t\t\t\t\t<\/div>\n\t\t\t\t<\/div>\n\t\t<div class=\"elementor-element elementor-element-db0c9ea e-con-full wd-section-stretch e-flex e-con e-parent\" data-id=\"db0c9ea\" data-element_type=\"container\" data-e-type=\"container\">\n\t\t\t\t<div class=\"elementor-element elementor-element-cce00e3 elementor-widget elementor-widget-image-carousel\" data-id=\"cce00e3\" data-element_type=\"widget\" data-e-type=\"widget\" data-settings=\"{&quot;slides_to_show&quot;:&quot;8&quot;,&quot;navigation&quot;:&quot;none&quot;,&quot;autoplay&quot;:&quot;yes&quot;,&quot;pause_on_hover&quot;:&quot;yes&quot;,&quot;pause_on_interaction&quot;:&quot;yes&quot;,&quot;autoplay_speed&quot;:5000,&quot;infinite&quot;:&quot;yes&quot;,&quot;speed&quot;:500,&quot;image_spacing_custom&quot;:{&quot;unit&quot;:&quot;px&quot;,&quot;size&quot;:20,&quot;sizes&quot;:[]},&quot;image_spacing_custom_tablet&quot;:{&quot;unit&quot;:&quot;px&quot;,&quot;size&quot;:&quot;&quot;,&quot;sizes&quot;:[]},&quot;image_spacing_custom_mobile&quot;:{&quot;unit&quot;:&quot;px&quot;,&quot;size&quot;:&quot;&quot;,&quot;sizes&quot;:[]}}\" data-widget_type=\"image-carousel.default\">\n\t\t\t\t<div class=\"elementor-widget-container\">\n\t\t\t\t\t\t\t<div class=\"elementor-image-carousel-wrapper swiper\" role=\"region\" aria-roledescription=\"carousel\" aria-label=\"Image Carousel\" dir=\"ltr\">\n\t\t\t<div class=\"elementor-image-carousel swiper-wrapper\" aria-live=\"off\">\n\t\t\t\t\t\t\t\t<div class=\"swiper-slide\" role=\"group\" aria-roledescription=\"slide\" aria-label=\"1 of 11\"><figure class=\"swiper-slide-inner\"><img decoding=\"async\" class=\"swiper-slide-image\" src=\"https:\/\/sagaclinic.com\/wp-content\/uploads\/2024\/01\/Calisma-yuzeyi-1.png\" alt=\"\u00c7al\u0131\u015fma y\u00fczeyi 1\" \/><\/figure><\/div><div class=\"swiper-slide\" role=\"group\" aria-roledescription=\"slide\" aria-label=\"2 of 11\"><figure class=\"swiper-slide-inner\"><img decoding=\"async\" class=\"swiper-slide-image\" src=\"https:\/\/sagaclinic.com\/wp-content\/uploads\/2024\/01\/Calisma-yuzeyi-2-1.png\" alt=\"\u00c7al\u0131\u015fma y\u00fczeyi 2\" \/><\/figure><\/div><div class=\"swiper-slide\" role=\"group\" aria-roledescription=\"slide\" aria-label=\"3 of 11\"><figure class=\"swiper-slide-inner\"><img decoding=\"async\" class=\"swiper-slide-image\" src=\"https:\/\/sagaclinic.com\/wp-content\/uploads\/2024\/01\/Calisma-yuzeyi-3-1.png\" alt=\"\u00c7al\u0131\u015fma y\u00fczeyi 3\" \/><\/figure><\/div><div class=\"swiper-slide\" role=\"group\" aria-roledescription=\"slide\" aria-label=\"4 of 11\"><figure class=\"swiper-slide-inner\"><img decoding=\"async\" class=\"swiper-slide-image\" src=\"https:\/\/sagaclinic.com\/wp-content\/uploads\/2024\/01\/Calisma-yuzeyi-4.png\" alt=\"\u00c7al\u0131\u015fma y\u00fczeyi 4\" \/><\/figure><\/div><div class=\"swiper-slide\" role=\"group\" aria-roledescription=\"slide\" aria-label=\"5 of 11\"><figure class=\"swiper-slide-inner\"><img decoding=\"async\" class=\"swiper-slide-image\" src=\"https:\/\/sagaclinic.com\/wp-content\/uploads\/2024\/01\/Calisma-yuzeyi-5.png\" alt=\"\u00c7al\u0131\u015fma y\u00fczeyi 5\" \/><\/figure><\/div><div class=\"swiper-slide\" role=\"group\" aria-roledescription=\"slide\" aria-label=\"6 of 11\"><figure class=\"swiper-slide-inner\"><img decoding=\"async\" class=\"swiper-slide-image\" src=\"https:\/\/sagaclinic.com\/wp-content\/uploads\/2024\/01\/Calisma-yuzeyi-6.png\" alt=\"\u00c7al\u0131\u015fma y\u00fczeyi 6\" \/><\/figure><\/div><div class=\"swiper-slide\" role=\"group\" aria-roledescription=\"slide\" aria-label=\"7 of 11\"><figure class=\"swiper-slide-inner\"><img decoding=\"async\" class=\"swiper-slide-image\" src=\"https:\/\/sagaclinic.com\/wp-content\/uploads\/2024\/01\/Calisma-yuzeyi-7.png\" alt=\"\u00c7al\u0131\u015fma y\u00fczeyi 7\" \/><\/figure><\/div><div class=\"swiper-slide\" role=\"group\" aria-roledescription=\"slide\" aria-label=\"8 of 11\"><figure class=\"swiper-slide-inner\"><img decoding=\"async\" class=\"swiper-slide-image\" src=\"https:\/\/sagaclinic.com\/wp-content\/uploads\/2024\/01\/Calisma-yuzeyi-8.png\" alt=\"\u00c7al\u0131\u015fma y\u00fczeyi 8\" \/><\/figure><\/div><div class=\"swiper-slide\" role=\"group\" aria-roledescription=\"slide\" aria-label=\"9 of 11\"><figure class=\"swiper-slide-inner\"><img decoding=\"async\" class=\"swiper-slide-image\" src=\"https:\/\/sagaclinic.com\/wp-content\/uploads\/2024\/01\/Calisma-yuzeyi-9.png\" alt=\"\u00c7al\u0131\u015fma y\u00fczeyi 9\" \/><\/figure><\/div><div class=\"swiper-slide\" role=\"group\" aria-roledescription=\"slide\" aria-label=\"10 of 11\"><figure class=\"swiper-slide-inner\"><img decoding=\"async\" class=\"swiper-slide-image\" src=\"https:\/\/sagaclinic.com\/wp-content\/uploads\/2024\/01\/Calisma-yuzeyi-10.png\" alt=\"\u00c7al\u0131\u015fma y\u00fczeyi 10\" \/><\/figure><\/div><div class=\"swiper-slide\" role=\"group\" aria-roledescription=\"slide\" aria-label=\"11 of 11\"><figure class=\"swiper-slide-inner\"><img decoding=\"async\" class=\"swiper-slide-image\" src=\"https:\/\/sagaclinic.com\/wp-content\/uploads\/2024\/01\/Calisma-yuzeyi-11.png\" alt=\"\u00c7al\u0131\u015fma y\u00fczeyi 11\" \/><\/figure><\/div>\t\t\t<\/div>\n\t\t\t\t\t\t\t\n\t\t\t\t\t\t\t\t\t<\/div>\n\t\t\t\t\t\t<\/div>\n\t\t\t\t<\/div>\n\t\t\t\t<\/div>\n\t\t\t\t<\/div>","protected":false},"excerpt":{"rendered":"<p>Stem Gene Art Clinic About Us Stem &amp; Gene ART Clinic is established with a smart IVF clinic concept, incorporating<\/p>","protected":false},"author":1,"featured_media":0,"parent":0,"menu_order":0,"comment_status":"closed","ping_status":"closed","template":"","meta":{"footnotes":""},"class_list":["post-4400","page","type-page","status-publish","hentry"],"yoast_head":"<!-- This site is optimized with the Yoast SEO plugin v23.3 - https:\/\/yoast.com\/wordpress\/plugins\/seo\/ -->\n<title>About Us - Stem Gene | IVF Clinic<\/title>\n<meta name=\"description\" content=\"Explore advanced fertility treatments at Stem &amp; Gene ART Clinic. Click here for more information!\" \/>\n<meta name=\"robots\" content=\"index, follow, max-snippet:-1, max-image-preview:large, max-video-preview:-1\" \/>\n<link rel=\"canonical\" href=\"https:\/\/sagaclinic.com\/sq\/about-us\/\" \/>\n<meta property=\"og:locale\" content=\"sq_AL\" \/>\n<meta property=\"og:type\" content=\"article\" \/>\n<meta property=\"og:title\" content=\"About Us - Stem Gene | IVF Clinic\" \/>\n<meta property=\"og:description\" content=\"Explore advanced fertility treatments at Stem &amp; Gene ART Clinic. Click here for more information!\" \/>\n<meta property=\"og:url\" content=\"https:\/\/sagaclinic.com\/sq\/about-us\/\" \/>\n<meta property=\"og:site_name\" content=\"Stem Gene | IVF Clinic\" \/>\n<meta property=\"article:modified_time\" content=\"2024-07-30T08:43:39+00:00\" \/>\n<meta property=\"og:image\" content=\"https:\/\/sagaclinic.com\/wp-content\/uploads\/2024\/01\/about-us.png\" \/>\n<meta name=\"twitter:card\" content=\"summary_large_image\" \/>\n<meta name=\"twitter:label1\" content=\"Est. reading time\" \/>\n\t<meta name=\"twitter:data1\" content=\"5 minuta\" \/>\n<script type=\"application\/ld+json\" class=\"yoast-schema-graph\">{\"@context\":\"https:\/\/schema.org\",\"@graph\":[{\"@type\":\"WebPage\",\"@id\":\"https:\/\/sagaclinic.com\/about-us\/\",\"url\":\"https:\/\/sagaclinic.com\/about-us\/\",\"name\":\"About Us - Stem Gene | IVF Clinic\",\"isPartOf\":{\"@id\":\"https:\/\/sagaclinic.com\/#website\"},\"primaryImageOfPage\":{\"@id\":\"https:\/\/sagaclinic.com\/about-us\/#primaryimage\"},\"image\":{\"@id\":\"https:\/\/sagaclinic.com\/about-us\/#primaryimage\"},\"thumbnailUrl\":\"https:\/\/sagaclinic.com\/wp-content\/uploads\/2024\/01\/about-us.png\",\"datePublished\":\"2021-10-12T15:51:09+00:00\",\"dateModified\":\"2024-07-30T08:43:39+00:00\",\"description\":\"Explore advanced fertility treatments at Stem & Gene ART Clinic. Click here for more information!\",\"breadcrumb\":{\"@id\":\"https:\/\/sagaclinic.com\/about-us\/#breadcrumb\"},\"inLanguage\":\"sq\",\"potentialAction\":[{\"@type\":\"ReadAction\",\"target\":[\"https:\/\/sagaclinic.com\/about-us\/\"]}]},{\"@type\":\"ImageObject\",\"inLanguage\":\"sq\",\"@id\":\"https:\/\/sagaclinic.com\/about-us\/#primaryimage\",\"url\":\"https:\/\/sagaclinic.com\/wp-content\/uploads\/2024\/01\/about-us.png\",\"contentUrl\":\"https:\/\/sagaclinic.com\/wp-content\/uploads\/2024\/01\/about-us.png\"},{\"@type\":\"BreadcrumbList\",\"@id\":\"https:\/\/sagaclinic.com\/about-us\/#breadcrumb\",\"itemListElement\":[{\"@type\":\"ListItem\",\"position\":1,\"name\":\"Home\",\"item\":\"https:\/\/sagaclinic.com\/\"},{\"@type\":\"ListItem\",\"position\":2,\"name\":\"About us\"}]},{\"@type\":\"WebSite\",\"@id\":\"https:\/\/sagaclinic.com\/#website\",\"url\":\"https:\/\/sagaclinic.com\/\",\"name\":\"Stem Gene | IVF Clinic\",\"description\":\"Art Clinic\",\"potentialAction\":[{\"@type\":\"SearchAction\",\"target\":{\"@type\":\"EntryPoint\",\"urlTemplate\":\"https:\/\/sagaclinic.com\/?s={search_term_string}\"},\"query-input\":\"required name=search_term_string\"}],\"inLanguage\":\"sq\"}]}<\/script>\n<!-- \/ Yoast SEO plugin. -->","yoast_head_json":{"title":"About Us - Stem Gene | IVF Clinic","description":"Explore advanced fertility treatments at Stem & Gene ART Clinic. Click here for more information!","robots":{"index":"index","follow":"follow","max-snippet":"max-snippet:-1","max-image-preview":"max-image-preview:large","max-video-preview":"max-video-preview:-1"},"canonical":"https:\/\/sagaclinic.com\/sq\/about-us\/","og_locale":"sq_AL","og_type":"article","og_title":"About Us - Stem Gene | IVF Clinic","og_description":"Explore advanced fertility treatments at Stem & Gene ART Clinic. Click here for more information!","og_url":"https:\/\/sagaclinic.com\/sq\/about-us\/","og_site_name":"Stem Gene | IVF Clinic","article_modified_time":"2024-07-30T08:43:39+00:00","og_image":[{"url":"https:\/\/sagaclinic.com\/wp-content\/uploads\/2024\/01\/about-us.png"}],"twitter_card":"summary_large_image","twitter_misc":{"Est. reading time":"5 minuta"},"schema":{"@context":"https:\/\/schema.org","@graph":[{"@type":"WebPage","@id":"https:\/\/sagaclinic.com\/about-us\/","url":"https:\/\/sagaclinic.com\/about-us\/","name":"About Us - Stem Gene | IVF Clinic","isPartOf":{"@id":"https:\/\/sagaclinic.com\/#website"},"primaryImageOfPage":{"@id":"https:\/\/sagaclinic.com\/about-us\/#primaryimage"},"image":{"@id":"https:\/\/sagaclinic.com\/about-us\/#primaryimage"},"thumbnailUrl":"https:\/\/sagaclinic.com\/wp-content\/uploads\/2024\/01\/about-us.png","datePublished":"2021-10-12T15:51:09+00:00","dateModified":"2024-07-30T08:43:39+00:00","description":"Explore advanced fertility treatments at Stem & Gene ART Clinic. Click here for more information!","breadcrumb":{"@id":"https:\/\/sagaclinic.com\/about-us\/#breadcrumb"},"inLanguage":"sq","potentialAction":[{"@type":"ReadAction","target":["https:\/\/sagaclinic.com\/about-us\/"]}]},{"@type":"ImageObject","inLanguage":"sq","@id":"https:\/\/sagaclinic.com\/about-us\/#primaryimage","url":"https:\/\/sagaclinic.com\/wp-content\/uploads\/2024\/01\/about-us.png","contentUrl":"https:\/\/sagaclinic.com\/wp-content\/uploads\/2024\/01\/about-us.png"},{"@type":"BreadcrumbList","@id":"https:\/\/sagaclinic.com\/about-us\/#breadcrumb","itemListElement":[{"@type":"ListItem","position":1,"name":"Home","item":"https:\/\/sagaclinic.com\/"},{"@type":"ListItem","position":2,"name":"About us"}]},{"@type":"WebSite","@id":"https:\/\/sagaclinic.com\/#website","url":"https:\/\/sagaclinic.com\/","name":"Stem Gene | IVF Clinic","description":"Art Clinic","potentialAction":[{"@type":"SearchAction","target":{"@type":"EntryPoint","urlTemplate":"https:\/\/sagaclinic.com\/?s={search_term_string}"},"query-input":"required name=search_term_string"}],"inLanguage":"sq"}]}},"_links":{"self":[{"href":"https:\/\/sagaclinic.com\/sq\/wp-json\/wp\/v2\/pages\/4400","targetHints":{"allow":["GET"]}}],"collection":[{"href":"https:\/\/sagaclinic.com\/sq\/wp-json\/wp\/v2\/pages"}],"about":[{"href":"https:\/\/sagaclinic.com\/sq\/wp-json\/wp\/v2\/types\/page"}],"author":[{"embeddable":true,"href":"https:\/\/sagaclinic.com\/sq\/wp-json\/wp\/v2\/users\/1"}],"replies":[{"embeddable":true,"href":"https:\/\/sagaclinic.com\/sq\/wp-json\/wp\/v2\/comments?post=4400"}],"version-history":[{"count":0,"href":"https:\/\/sagaclinic.com\/sq\/wp-json\/wp\/v2\/pages\/4400\/revisions"}],"wp:attachment":[{"href":"https:\/\/sagaclinic.com\/sq\/wp-json\/wp\/v2\/media?parent=4400"}],"curies":[{"name":"wp","href":"https:\/\/api.w.org\/{rel}","templated":true}]}}