{"id":16921,"date":"2025-03-26T13:24:13","date_gmt":"2025-03-26T13:24:13","guid":{"rendered":"https:\/\/sagaclinic.com\/?page_id=16921"},"modified":"2025-03-26T13:31:06","modified_gmt":"2025-03-26T13:31:06","slug":"meet-our-team","status":"publish","type":"page","link":"https:\/\/sagaclinic.com\/sq\/meet-our-team\/","title":{"rendered":"Meet Our Team"},"content":{"rendered":"<div data-elementor-type=\"wp-page\" data-elementor-id=\"16921\" class=\"elementor elementor-16921\" data-elementor-post-type=\"page\">\n\t\t\t\t\t\t<section class=\"elementor-section elementor-top-section elementor-element elementor-element-3c548bca elementor-reverse-tablet elementor-reverse-mobile elementor-section-boxed elementor-section-height-default elementor-section-height-default wd-section-disabled\" data-id=\"3c548bca\" data-element_type=\"section\" data-e-type=\"section\">\n\t\t\t\t\t\t<div class=\"elementor-container elementor-column-gap-default\">\n\t\t\t\t\t<div class=\"elementor-column elementor-col-33 elementor-top-column elementor-element elementor-element-1d354ed7\" data-id=\"1d354ed7\" data-element_type=\"column\" data-e-type=\"column\">\n\t\t\t<div class=\"elementor-widget-wrap\">\n\t\t\t\t\t\t\t<\/div>\n\t\t<\/div>\n\t\t\t\t<div class=\"elementor-column elementor-col-33 elementor-top-column elementor-element elementor-element-df8b1fe\" data-id=\"df8b1fe\" data-element_type=\"column\" data-e-type=\"column\">\n\t\t\t<div class=\"elementor-widget-wrap elementor-element-populated\">\n\t\t\t\t\t\t<div class=\"elementor-element elementor-element-82f551a elementor-widget elementor-widget-video\" data-id=\"82f551a\" data-element_type=\"widget\" data-e-type=\"widget\" data-settings=\"{&quot;video_type&quot;:&quot;hosted&quot;,&quot;autoplay&quot;:&quot;yes&quot;,&quot;controls&quot;:&quot;yes&quot;}\" data-widget_type=\"video.default\">\n\t\t\t\t<div class=\"elementor-widget-container\">\n\t\t\t\t\t\t\t<div class=\"e-hosted-video elementor-wrapper elementor-open-inline\">\n\t\t\t\t\t<video class=\"elementor-video\" src=\"https:\/\/sagaclinic.com\/wp-content\/uploads\/2025\/03\/Main-Video-Animation005.mp4\" autoplay=\"\" controls=\"\" controlslist=\"nodownload\"><\/video>\n\t\t\t\t<\/div>\n\t\t\t\t\t\t<\/div>\n\t\t\t\t<\/div>\n\t\t\t\t\t<\/div>\n\t\t<\/div>\n\t\t\t\t<div class=\"elementor-column elementor-col-33 elementor-top-column elementor-element elementor-element-abaae5b\" data-id=\"abaae5b\" data-element_type=\"column\" data-e-type=\"column\">\n\t\t\t<div class=\"elementor-widget-wrap\">\n\t\t\t\t\t\t\t<\/div>\n\t\t<\/div>\n\t\t\t\t\t<\/div>\n\t\t<\/section>\n\t\t<div class=\"elementor-element elementor-element-db0c9ea e-con-full wd-section-stretch e-flex e-con e-parent\" data-id=\"db0c9ea\" data-element_type=\"container\" data-e-type=\"container\">\n\t\t\t\t<div class=\"elementor-element elementor-element-cce00e3 elementor-widget elementor-widget-image-carousel\" data-id=\"cce00e3\" data-element_type=\"widget\" data-e-type=\"widget\" data-settings=\"{&quot;slides_to_show&quot;:&quot;8&quot;,&quot;navigation&quot;:&quot;none&quot;,&quot;autoplay&quot;:&quot;yes&quot;,&quot;pause_on_hover&quot;:&quot;yes&quot;,&quot;pause_on_interaction&quot;:&quot;yes&quot;,&quot;autoplay_speed&quot;:5000,&quot;infinite&quot;:&quot;yes&quot;,&quot;speed&quot;:500,&quot;image_spacing_custom&quot;:{&quot;unit&quot;:&quot;px&quot;,&quot;size&quot;:20,&quot;sizes&quot;:[]},&quot;image_spacing_custom_tablet&quot;:{&quot;unit&quot;:&quot;px&quot;,&quot;size&quot;:&quot;&quot;,&quot;sizes&quot;:[]},&quot;image_spacing_custom_mobile&quot;:{&quot;unit&quot;:&quot;px&quot;,&quot;size&quot;:&quot;&quot;,&quot;sizes&quot;:[]}}\" data-widget_type=\"image-carousel.default\">\n\t\t\t\t<div class=\"elementor-widget-container\">\n\t\t\t\t\t\t\t<div class=\"elementor-image-carousel-wrapper swiper\" role=\"region\" aria-roledescription=\"carousel\" aria-label=\"Image Carousel\" dir=\"ltr\">\n\t\t\t<div class=\"elementor-image-carousel swiper-wrapper\" aria-live=\"off\">\n\t\t\t\t\t\t\t\t<div class=\"swiper-slide\" role=\"group\" aria-roledescription=\"slide\" aria-label=\"1 of 11\"><figure class=\"swiper-slide-inner\"><img decoding=\"async\" class=\"swiper-slide-image\" src=\"https:\/\/sagaclinic.com\/wp-content\/uploads\/2024\/01\/Calisma-yuzeyi-1.png\" alt=\"\u00c7al\u0131\u015fma y\u00fczeyi 1\" \/><\/figure><\/div><div class=\"swiper-slide\" role=\"group\" aria-roledescription=\"slide\" aria-label=\"2 of 11\"><figure class=\"swiper-slide-inner\"><img decoding=\"async\" class=\"swiper-slide-image\" src=\"https:\/\/sagaclinic.com\/wp-content\/uploads\/2024\/01\/Calisma-yuzeyi-2-1.png\" alt=\"\u00c7al\u0131\u015fma y\u00fczeyi 2\" \/><\/figure><\/div><div class=\"swiper-slide\" role=\"group\" aria-roledescription=\"slide\" aria-label=\"3 of 11\"><figure class=\"swiper-slide-inner\"><img decoding=\"async\" class=\"swiper-slide-image\" src=\"https:\/\/sagaclinic.com\/wp-content\/uploads\/2024\/01\/Calisma-yuzeyi-3-1.png\" alt=\"\u00c7al\u0131\u015fma y\u00fczeyi 3\" \/><\/figure><\/div><div class=\"swiper-slide\" role=\"group\" aria-roledescription=\"slide\" aria-label=\"4 of 11\"><figure class=\"swiper-slide-inner\"><img decoding=\"async\" class=\"swiper-slide-image\" src=\"https:\/\/sagaclinic.com\/wp-content\/uploads\/2024\/01\/Calisma-yuzeyi-4.png\" alt=\"\u00c7al\u0131\u015fma y\u00fczeyi 4\" \/><\/figure><\/div><div class=\"swiper-slide\" role=\"group\" aria-roledescription=\"slide\" aria-label=\"5 of 11\"><figure class=\"swiper-slide-inner\"><img decoding=\"async\" class=\"swiper-slide-image\" src=\"https:\/\/sagaclinic.com\/wp-content\/uploads\/2024\/01\/Calisma-yuzeyi-5.png\" alt=\"\u00c7al\u0131\u015fma y\u00fczeyi 5\" \/><\/figure><\/div><div class=\"swiper-slide\" role=\"group\" aria-roledescription=\"slide\" aria-label=\"6 of 11\"><figure class=\"swiper-slide-inner\"><img decoding=\"async\" class=\"swiper-slide-image\" src=\"https:\/\/sagaclinic.com\/wp-content\/uploads\/2024\/01\/Calisma-yuzeyi-6.png\" alt=\"\u00c7al\u0131\u015fma y\u00fczeyi 6\" \/><\/figure><\/div><div class=\"swiper-slide\" role=\"group\" aria-roledescription=\"slide\" aria-label=\"7 of 11\"><figure class=\"swiper-slide-inner\"><img decoding=\"async\" class=\"swiper-slide-image\" src=\"https:\/\/sagaclinic.com\/wp-content\/uploads\/2024\/01\/Calisma-yuzeyi-7.png\" alt=\"\u00c7al\u0131\u015fma y\u00fczeyi 7\" \/><\/figure><\/div><div class=\"swiper-slide\" role=\"group\" aria-roledescription=\"slide\" aria-label=\"8 of 11\"><figure class=\"swiper-slide-inner\"><img decoding=\"async\" class=\"swiper-slide-image\" src=\"https:\/\/sagaclinic.com\/wp-content\/uploads\/2024\/01\/Calisma-yuzeyi-8.png\" alt=\"\u00c7al\u0131\u015fma y\u00fczeyi 8\" \/><\/figure><\/div><div class=\"swiper-slide\" role=\"group\" aria-roledescription=\"slide\" aria-label=\"9 of 11\"><figure class=\"swiper-slide-inner\"><img decoding=\"async\" class=\"swiper-slide-image\" src=\"https:\/\/sagaclinic.com\/wp-content\/uploads\/2024\/01\/Calisma-yuzeyi-9.png\" alt=\"\u00c7al\u0131\u015fma y\u00fczeyi 9\" \/><\/figure><\/div><div class=\"swiper-slide\" role=\"group\" aria-roledescription=\"slide\" aria-label=\"10 of 11\"><figure class=\"swiper-slide-inner\"><img decoding=\"async\" class=\"swiper-slide-image\" src=\"https:\/\/sagaclinic.com\/wp-content\/uploads\/2024\/01\/Calisma-yuzeyi-10.png\" alt=\"\u00c7al\u0131\u015fma y\u00fczeyi 10\" \/><\/figure><\/div><div class=\"swiper-slide\" role=\"group\" aria-roledescription=\"slide\" aria-label=\"11 of 11\"><figure class=\"swiper-slide-inner\"><img decoding=\"async\" class=\"swiper-slide-image\" src=\"https:\/\/sagaclinic.com\/wp-content\/uploads\/2024\/01\/Calisma-yuzeyi-11.png\" alt=\"\u00c7al\u0131\u015fma y\u00fczeyi 11\" \/><\/figure><\/div>\t\t\t<\/div>\n\t\t\t\t\t\t\t\n\t\t\t\t\t\t\t\t\t<\/div>\n\t\t\t\t\t\t<\/div>\n\t\t\t\t<\/div>\n\t\t\t\t<\/div>\n\t\t\t\t<\/div>","protected":false},"excerpt":{"rendered":"<p>https:\/\/sagaclinic.com\/wp-content\/uploads\/2025\/03\/Main-Video-Animation005.mp4<\/p>","protected":false},"author":1,"featured_media":0,"parent":0,"menu_order":0,"comment_status":"closed","ping_status":"closed","template":"","meta":{"footnotes":""},"class_list":["post-16921","page","type-page","status-publish","hentry"],"yoast_head":"<!-- This site is optimized with the Yoast SEO plugin v23.3 - https:\/\/yoast.com\/wordpress\/plugins\/seo\/ -->\n<title>About Us - Stem Gene | IVF Clinic<\/title>\n<meta name=\"description\" content=\"Explore advanced fertility treatments at Stem &amp; Gene ART Clinic. Click here for more information!\" \/>\n<meta name=\"robots\" content=\"index, follow, max-snippet:-1, max-image-preview:large, max-video-preview:-1\" \/>\n<link rel=\"canonical\" href=\"https:\/\/sagaclinic.com\/sq\/meet-our-team\/\" \/>\n<meta property=\"og:locale\" content=\"sq_AL\" \/>\n<meta property=\"og:type\" content=\"article\" \/>\n<meta property=\"og:title\" content=\"About Us - Stem Gene | IVF Clinic\" \/>\n<meta property=\"og:description\" content=\"Explore advanced fertility treatments at Stem &amp; Gene ART Clinic. Click here for more information!\" \/>\n<meta property=\"og:url\" content=\"https:\/\/sagaclinic.com\/sq\/meet-our-team\/\" \/>\n<meta property=\"og:site_name\" content=\"Stem Gene | IVF Clinic\" \/>\n<meta property=\"article:modified_time\" content=\"2025-03-26T13:31:06+00:00\" \/>\n<meta property=\"og:image\" content=\"https:\/\/sagaclinic.com\/wp-content\/uploads\/2024\/01\/Calisma-yuzeyi-1.png\" \/>\n<meta name=\"twitter:card\" content=\"summary_large_image\" \/>\n<meta name=\"twitter:label1\" content=\"Est. reading time\" \/>\n\t<meta name=\"twitter:data1\" content=\"6 minuta\" \/>\n<script type=\"application\/ld+json\" class=\"yoast-schema-graph\">{\"@context\":\"https:\/\/schema.org\",\"@graph\":[{\"@type\":\"WebPage\",\"@id\":\"https:\/\/sagaclinic.com\/meet-our-team\/\",\"url\":\"https:\/\/sagaclinic.com\/meet-our-team\/\",\"name\":\"About Us - Stem Gene | IVF Clinic\",\"isPartOf\":{\"@id\":\"https:\/\/sagaclinic.com\/#website\"},\"primaryImageOfPage\":{\"@id\":\"https:\/\/sagaclinic.com\/meet-our-team\/#primaryimage\"},\"image\":{\"@id\":\"https:\/\/sagaclinic.com\/meet-our-team\/#primaryimage\"},\"thumbnailUrl\":\"https:\/\/sagaclinic.com\/wp-content\/uploads\/2024\/01\/Calisma-yuzeyi-1.png\",\"datePublished\":\"2025-03-26T13:24:13+00:00\",\"dateModified\":\"2025-03-26T13:31:06+00:00\",\"description\":\"Explore advanced fertility treatments at Stem & Gene ART Clinic. Click here for more information!\",\"breadcrumb\":{\"@id\":\"https:\/\/sagaclinic.com\/meet-our-team\/#breadcrumb\"},\"inLanguage\":\"sq\",\"potentialAction\":[{\"@type\":\"ReadAction\",\"target\":[\"https:\/\/sagaclinic.com\/meet-our-team\/\"]}]},{\"@type\":\"ImageObject\",\"inLanguage\":\"sq\",\"@id\":\"https:\/\/sagaclinic.com\/meet-our-team\/#primaryimage\",\"url\":\"https:\/\/sagaclinic.com\/wp-content\/uploads\/2024\/01\/Calisma-yuzeyi-1.png\",\"contentUrl\":\"https:\/\/sagaclinic.com\/wp-content\/uploads\/2024\/01\/Calisma-yuzeyi-1.png\"},{\"@type\":\"BreadcrumbList\",\"@id\":\"https:\/\/sagaclinic.com\/meet-our-team\/#breadcrumb\",\"itemListElement\":[{\"@type\":\"ListItem\",\"position\":1,\"name\":\"Home\",\"item\":\"https:\/\/sagaclinic.com\/\"},{\"@type\":\"ListItem\",\"position\":2,\"name\":\"Meet Our Team\"}]},{\"@type\":\"WebSite\",\"@id\":\"https:\/\/sagaclinic.com\/#website\",\"url\":\"https:\/\/sagaclinic.com\/\",\"name\":\"Stem Gene | IVF Clinic\",\"description\":\"Art Clinic\",\"potentialAction\":[{\"@type\":\"SearchAction\",\"target\":{\"@type\":\"EntryPoint\",\"urlTemplate\":\"https:\/\/sagaclinic.com\/?s={search_term_string}\"},\"query-input\":\"required name=search_term_string\"}],\"inLanguage\":\"sq\"}]}<\/script>\n<!-- \/ Yoast SEO plugin. -->","yoast_head_json":{"title":"About Us - Stem Gene | IVF Clinic","description":"Explore advanced fertility treatments at Stem & Gene ART Clinic. Click here for more information!","robots":{"index":"index","follow":"follow","max-snippet":"max-snippet:-1","max-image-preview":"max-image-preview:large","max-video-preview":"max-video-preview:-1"},"canonical":"https:\/\/sagaclinic.com\/sq\/meet-our-team\/","og_locale":"sq_AL","og_type":"article","og_title":"About Us - Stem Gene | IVF Clinic","og_description":"Explore advanced fertility treatments at Stem & Gene ART Clinic. Click here for more information!","og_url":"https:\/\/sagaclinic.com\/sq\/meet-our-team\/","og_site_name":"Stem Gene | IVF Clinic","article_modified_time":"2025-03-26T13:31:06+00:00","og_image":[{"url":"https:\/\/sagaclinic.com\/wp-content\/uploads\/2024\/01\/Calisma-yuzeyi-1.png"}],"twitter_card":"summary_large_image","twitter_misc":{"Est. reading time":"6 minuta"},"schema":{"@context":"https:\/\/schema.org","@graph":[{"@type":"WebPage","@id":"https:\/\/sagaclinic.com\/meet-our-team\/","url":"https:\/\/sagaclinic.com\/meet-our-team\/","name":"About Us - Stem Gene | IVF Clinic","isPartOf":{"@id":"https:\/\/sagaclinic.com\/#website"},"primaryImageOfPage":{"@id":"https:\/\/sagaclinic.com\/meet-our-team\/#primaryimage"},"image":{"@id":"https:\/\/sagaclinic.com\/meet-our-team\/#primaryimage"},"thumbnailUrl":"https:\/\/sagaclinic.com\/wp-content\/uploads\/2024\/01\/Calisma-yuzeyi-1.png","datePublished":"2025-03-26T13:24:13+00:00","dateModified":"2025-03-26T13:31:06+00:00","description":"Explore advanced fertility treatments at Stem & Gene ART Clinic. Click here for more information!","breadcrumb":{"@id":"https:\/\/sagaclinic.com\/meet-our-team\/#breadcrumb"},"inLanguage":"sq","potentialAction":[{"@type":"ReadAction","target":["https:\/\/sagaclinic.com\/meet-our-team\/"]}]},{"@type":"ImageObject","inLanguage":"sq","@id":"https:\/\/sagaclinic.com\/meet-our-team\/#primaryimage","url":"https:\/\/sagaclinic.com\/wp-content\/uploads\/2024\/01\/Calisma-yuzeyi-1.png","contentUrl":"https:\/\/sagaclinic.com\/wp-content\/uploads\/2024\/01\/Calisma-yuzeyi-1.png"},{"@type":"BreadcrumbList","@id":"https:\/\/sagaclinic.com\/meet-our-team\/#breadcrumb","itemListElement":[{"@type":"ListItem","position":1,"name":"Home","item":"https:\/\/sagaclinic.com\/"},{"@type":"ListItem","position":2,"name":"Meet Our Team"}]},{"@type":"WebSite","@id":"https:\/\/sagaclinic.com\/#website","url":"https:\/\/sagaclinic.com\/","name":"Stem Gene | IVF Clinic","description":"Art Clinic","potentialAction":[{"@type":"SearchAction","target":{"@type":"EntryPoint","urlTemplate":"https:\/\/sagaclinic.com\/?s={search_term_string}"},"query-input":"required name=search_term_string"}],"inLanguage":"sq"}]}},"_links":{"self":[{"href":"https:\/\/sagaclinic.com\/sq\/wp-json\/wp\/v2\/pages\/16921","targetHints":{"allow":["GET"]}}],"collection":[{"href":"https:\/\/sagaclinic.com\/sq\/wp-json\/wp\/v2\/pages"}],"about":[{"href":"https:\/\/sagaclinic.com\/sq\/wp-json\/wp\/v2\/types\/page"}],"author":[{"embeddable":true,"href":"https:\/\/sagaclinic.com\/sq\/wp-json\/wp\/v2\/users\/1"}],"replies":[{"embeddable":true,"href":"https:\/\/sagaclinic.com\/sq\/wp-json\/wp\/v2\/comments?post=16921"}],"version-history":[{"count":0,"href":"https:\/\/sagaclinic.com\/sq\/wp-json\/wp\/v2\/pages\/16921\/revisions"}],"wp:attachment":[{"href":"https:\/\/sagaclinic.com\/sq\/wp-json\/wp\/v2\/media?parent=16921"}],"curies":[{"name":"wp","href":"https:\/\/api.w.org\/{rel}","templated":true}]}}