{"id":15830,"date":"2023-12-26T11:03:53","date_gmt":"2023-12-26T11:03:53","guid":{"rendered":"https:\/\/sagaclinic.com\/?page_id=15830"},"modified":"2024-01-15T07:34:37","modified_gmt":"2024-01-15T07:34:37","slug":"why-us","status":"publish","type":"page","link":"https:\/\/sagaclinic.com\/sq\/why-us\/","title":{"rendered":"Pse ne"},"content":{"rendered":"<div data-elementor-type=\"wp-page\" data-elementor-id=\"15830\" class=\"elementor elementor-15830\" data-elementor-post-type=\"page\">\n\t\t\t\t<div class=\"wd-negative-gap elementor-element elementor-element-cfea205 e-flex e-con-boxed wd-section-disabled e-con e-parent\" data-id=\"cfea205\" data-element_type=\"container\" data-e-type=\"container\">\n\t\t\t\t\t<div class=\"e-con-inner\">\n\t\t\t\t<div class=\"elementor-element elementor-element-39582f8 color-scheme-inherit text-left elementor-widget elementor-widget-text-editor\" data-id=\"39582f8\" data-element_type=\"widget\" data-e-type=\"widget\" data-widget_type=\"text-editor.default\">\n\t\t\t\t<div class=\"elementor-widget-container\">\n\t\t\t\t\t\t\t\t\t<p><span style=\"font-weight: 400;\">N\u00eb zgjedhjen e Klinik\u00ebs Stem Gene &amp; Art, individ\u00ebt dhe \u00e7iftet mund t\u00eb jen\u00eb t\u00eb sigurt se po zgjedhin nj\u00eb ofrues sh\u00ebndet\u00ebsor t\u00eb p\u00ebrkushtuar ndaj shk\u00eblqimit, inovacionit dhe mir\u00ebqenies holistike t\u00eb pacient\u00ebve t\u00eb tyre n\u00eb udh\u00ebtimin drejt prind\u00ebrimit. Ne ndjekim standarde klinike inovative me p\u00ebrvoj\u00eb nd\u00ebrkomb\u00ebtare dhe protokolle transparente.\u00a0<\/span><\/p><p><span style=\"font-weight: 400;\"><br \/><\/span><b>Ekspertiz\u00eb dhe P\u00ebrvoj\u00eb<\/b><\/p><p><span style=\"font-weight: 400;\"><br \/><\/span><span style=\"font-weight: 400;\">Klinika Stem Gene &amp; Art ka nj\u00eb ekip profesionist\u00ebsh t\u00eb aft\u00eb dhe me p\u00ebrvoj\u00eb n\u00eb fush\u00ebn e mjek\u00ebsis\u00eb riprodhuese. Ekspert\u00ebt e klinik\u00ebs jan\u00eb t\u00eb njohur me p\u00ebrparimet m\u00eb t\u00eb fundit, duke siguruar q\u00eb pacient\u00ebt t\u00eb p\u00ebrfitojn\u00eb nga teknologjit\u00eb m\u00eb t\u00eb avancuara dhe metodologjit\u00eb e provuara. Klinicien\u00ebt dhe embriolog\u00ebt tan\u00eb jan\u00eb t\u00eb njohur n\u00eb fush\u00ebn e IVF-s\u00eb p\u00ebr protokollet dhe trajtimet e tyre unike.<\/span><\/p><p><b>Sh\u00ebrbime t\u00eb Plota<\/b><\/p><p><span style=\"font-weight: 400;\"><br \/><\/span><span style=\"font-weight: 400;\">Klinika ofron nj\u00eb gam\u00eb t\u00eb gjer\u00eb sh\u00ebrbimesh, duke p\u00ebrfshir\u00eb terapin\u00eb me ADN, trajtimin me qeliza burimore dhe fertilizimin in vitro (IVF). Kjo gjer\u00ebsi e ofrimeve lejon nj\u00eb qasje t\u00eb personalizuar n\u00eb trajtim, duke adresuar nevojat unike t\u00eb \u00e7do individi ose \u00e7ifti. Shum\u00eb nga sh\u00ebrbimet klinike unike dhe teknikat e laboratorit IVF do t\u00eb jen\u00eb t\u00eb disponueshme sipas k\u00ebrkesave tuaja.\u00a0<\/span><\/p><p><b>P\u00ebrkushtimi ndaj Sukesit:<\/b><\/p><p><span style=\"font-weight: 400;\"><br \/><\/span><span style=\"font-weight: 400;\">Klinika Stem Gene &amp; Art \u00ebsht\u00eb e motivuar nga nj\u00eb p\u00ebrkushtim i thell\u00eb ndaj suksesit t\u00eb pacient\u00ebve t\u00eb saj. Q\u00ebllimi i klinik\u00ebs nuk \u00ebsht\u00eb vet\u00ebm t\u00eb leht\u00ebsoj\u00eb konceptimin, por t\u00eb kontribuoj\u00eb n\u00eb mir\u00ebqenien dhe g\u00ebzimin e p\u00ebrgjithsh\u00ebm t\u00eb individ\u00ebve dhe \u00e7ifteve nd\u00ebrsa nisin udh\u00ebtimin drejt prind\u00ebrimit.\u00a0<\/span><\/p><p><b>Kushtet e Avancuara t\u00eb Teknologjis\u00eb:<\/b><\/p><p><span style=\"font-weight: 400;\"><br \/><\/span><span style=\"font-weight: 400;\">Klinika Stem Gene &amp; Art \u00ebsht\u00eb e pajisur me kushte t\u00eb avancuara t\u00eb teknologjis\u00eb, duke siguruar q\u00eb pacient\u00ebt t\u00eb marrin trajtim n\u00eb nj\u00eb ambient modern dhe komod. Teknologjia e avancuar p\u00ebrdoret p\u00ebr t\u00eb p\u00ebrmir\u00ebsuar sakt\u00ebsin\u00eb dhe efektivitetin e procedurave riprodhuese. Ne kemi kontroll t\u00eb plot\u00eb mbi procesin klinik, ambientin e laboratorit dhe sigurin\u00eb e materialeve biologjike p\u00ebrmes Inteligjenc\u00ebs Artificiale (AI) dhe automatizimit.<\/span><\/p>\t\t\t\t\t\t\t\t<\/div>\n\t\t\t\t<\/div>\n\t\t\t\t\t<\/div>\n\t\t\t\t<\/div>\n\t\t\t\t<\/div>","protected":false},"excerpt":{"rendered":"<p>In choosing Stem Gene &amp; Art Clinic, individuals and couples can be confident that they are selecting a healthcare provider<\/p>","protected":false},"author":1,"featured_media":0,"parent":0,"menu_order":0,"comment_status":"closed","ping_status":"closed","template":"","meta":{"footnotes":""},"class_list":["post-15830","page","type-page","status-publish","hentry"],"yoast_head":"<!-- This site is optimized with the Yoast SEO plugin v23.3 - https:\/\/yoast.com\/wordpress\/plugins\/seo\/ -->\n<title>Why Us - Stem Gene | IVF Clinic<\/title>\n<meta name=\"robots\" content=\"index, follow, max-snippet:-1, max-image-preview:large, max-video-preview:-1\" \/>\n<link rel=\"canonical\" href=\"https:\/\/sagaclinic.com\/sq\/why-us\/\" \/>\n<meta property=\"og:locale\" content=\"sq_AL\" \/>\n<meta property=\"og:type\" content=\"article\" \/>\n<meta property=\"og:title\" content=\"Why Us - Stem Gene | IVF Clinic\" \/>\n<meta property=\"og:description\" content=\"In choosing Stem Gene &amp; Art Clinic, individuals and couples can be confident that they are selecting a healthcare provider\" \/>\n<meta property=\"og:url\" content=\"https:\/\/sagaclinic.com\/sq\/why-us\/\" \/>\n<meta property=\"og:site_name\" content=\"Stem Gene | IVF Clinic\" \/>\n<meta property=\"article:modified_time\" content=\"2024-01-15T07:34:37+00:00\" \/>\n<meta name=\"twitter:card\" content=\"summary_large_image\" \/>\n<meta name=\"twitter:label1\" content=\"Est. reading time\" \/>\n\t<meta name=\"twitter:data1\" content=\"1 minut\u00eb\" \/>\n<script type=\"application\/ld+json\" class=\"yoast-schema-graph\">{\"@context\":\"https:\/\/schema.org\",\"@graph\":[{\"@type\":\"WebPage\",\"@id\":\"https:\/\/sagaclinic.com\/why-us\/\",\"url\":\"https:\/\/sagaclinic.com\/why-us\/\",\"name\":\"Why Us - Stem Gene | IVF Clinic\",\"isPartOf\":{\"@id\":\"https:\/\/sagaclinic.com\/#website\"},\"datePublished\":\"2023-12-26T11:03:53+00:00\",\"dateModified\":\"2024-01-15T07:34:37+00:00\",\"breadcrumb\":{\"@id\":\"https:\/\/sagaclinic.com\/why-us\/#breadcrumb\"},\"inLanguage\":\"sq\",\"potentialAction\":[{\"@type\":\"ReadAction\",\"target\":[\"https:\/\/sagaclinic.com\/why-us\/\"]}]},{\"@type\":\"BreadcrumbList\",\"@id\":\"https:\/\/sagaclinic.com\/why-us\/#breadcrumb\",\"itemListElement\":[{\"@type\":\"ListItem\",\"position\":1,\"name\":\"Home\",\"item\":\"https:\/\/sagaclinic.com\/\"},{\"@type\":\"ListItem\",\"position\":2,\"name\":\"Why Us\"}]},{\"@type\":\"WebSite\",\"@id\":\"https:\/\/sagaclinic.com\/#website\",\"url\":\"https:\/\/sagaclinic.com\/\",\"name\":\"Stem Gene | IVF Clinic\",\"description\":\"Art Clinic\",\"potentialAction\":[{\"@type\":\"SearchAction\",\"target\":{\"@type\":\"EntryPoint\",\"urlTemplate\":\"https:\/\/sagaclinic.com\/?s={search_term_string}\"},\"query-input\":\"required name=search_term_string\"}],\"inLanguage\":\"sq\"}]}<\/script>\n<!-- \/ Yoast SEO plugin. -->","yoast_head_json":{"title":"Why Us - Stem Gene | IVF Clinic","robots":{"index":"index","follow":"follow","max-snippet":"max-snippet:-1","max-image-preview":"max-image-preview:large","max-video-preview":"max-video-preview:-1"},"canonical":"https:\/\/sagaclinic.com\/sq\/why-us\/","og_locale":"sq_AL","og_type":"article","og_title":"Why Us - Stem Gene | IVF Clinic","og_description":"In choosing Stem Gene &amp; Art Clinic, individuals and couples can be confident that they are selecting a healthcare provider","og_url":"https:\/\/sagaclinic.com\/sq\/why-us\/","og_site_name":"Stem Gene | IVF Clinic","article_modified_time":"2024-01-15T07:34:37+00:00","twitter_card":"summary_large_image","twitter_misc":{"Est. reading time":"1 minut\u00eb"},"schema":{"@context":"https:\/\/schema.org","@graph":[{"@type":"WebPage","@id":"https:\/\/sagaclinic.com\/why-us\/","url":"https:\/\/sagaclinic.com\/why-us\/","name":"Why Us - Stem Gene | IVF Clinic","isPartOf":{"@id":"https:\/\/sagaclinic.com\/#website"},"datePublished":"2023-12-26T11:03:53+00:00","dateModified":"2024-01-15T07:34:37+00:00","breadcrumb":{"@id":"https:\/\/sagaclinic.com\/why-us\/#breadcrumb"},"inLanguage":"sq","potentialAction":[{"@type":"ReadAction","target":["https:\/\/sagaclinic.com\/why-us\/"]}]},{"@type":"BreadcrumbList","@id":"https:\/\/sagaclinic.com\/why-us\/#breadcrumb","itemListElement":[{"@type":"ListItem","position":1,"name":"Home","item":"https:\/\/sagaclinic.com\/"},{"@type":"ListItem","position":2,"name":"Why Us"}]},{"@type":"WebSite","@id":"https:\/\/sagaclinic.com\/#website","url":"https:\/\/sagaclinic.com\/","name":"Stem Gene | IVF Clinic","description":"Art Clinic","potentialAction":[{"@type":"SearchAction","target":{"@type":"EntryPoint","urlTemplate":"https:\/\/sagaclinic.com\/?s={search_term_string}"},"query-input":"required name=search_term_string"}],"inLanguage":"sq"}]}},"_links":{"self":[{"href":"https:\/\/sagaclinic.com\/sq\/wp-json\/wp\/v2\/pages\/15830","targetHints":{"allow":["GET"]}}],"collection":[{"href":"https:\/\/sagaclinic.com\/sq\/wp-json\/wp\/v2\/pages"}],"about":[{"href":"https:\/\/sagaclinic.com\/sq\/wp-json\/wp\/v2\/types\/page"}],"author":[{"embeddable":true,"href":"https:\/\/sagaclinic.com\/sq\/wp-json\/wp\/v2\/users\/1"}],"replies":[{"embeddable":true,"href":"https:\/\/sagaclinic.com\/sq\/wp-json\/wp\/v2\/comments?post=15830"}],"version-history":[{"count":0,"href":"https:\/\/sagaclinic.com\/sq\/wp-json\/wp\/v2\/pages\/15830\/revisions"}],"wp:attachment":[{"href":"https:\/\/sagaclinic.com\/sq\/wp-json\/wp\/v2\/media?parent=15830"}],"curies":[{"name":"wp","href":"https:\/\/api.w.org\/{rel}","templated":true}]}}